{"id":639,"date":"2017-06-13T17:35:56","date_gmt":"2017-06-13T15:35:56","guid":{"rendered":"http:\/\/www.fussballschule-raffl.at\/home\/?page_id=639"},"modified":"2018-12-14T13:13:07","modified_gmt":"2018-12-14T12:13:07","slug":"fussballgeburtstag","status":"publish","type":"page","link":"https:\/\/www.fussballschule-raffl.at\/home\/fussballgeburtstag\/","title":{"rendered":"Fussballgeburtstag"},"content":{"rendered":"<p><div class=\"fusion-fullwidth fullwidth-box fusion-builder-row-1 nonhundred-percent-fullwidth non-hundred-percent-height-scrolling\" style=\"--awb-border-radius-top-left:0px;--awb-border-radius-top-right:0px;--awb-border-radius-bottom-right:0px;--awb-border-radius-bottom-left:0px;--awb-padding-top:20px;--awb-padding-bottom:20px;--awb-margin-top:40px;--awb-flex-wrap:wrap;\" ><div class=\"fusion-builder-row fusion-row\"><div class=\"fusion-layout-column fusion_builder_column fusion-builder-column-0 fusion_builder_column_1_1 1_1 fusion-one-full fusion-column-first fusion-column-last\" style=\"--awb-bg-size:cover;\"><div class=\"fusion-column-wrapper fusion-flex-column-wrapper-legacy\"><div class=\"fusion-title title fusion-title-1 fusion-sep-none fusion-title-text fusion-title-size-one\" style=\"--awb-margin-top-small:10px;--awb-margin-right-small:0px;--awb-margin-bottom-small:10px;--awb-margin-left-small:0px;\"><h1 class=\"fusion-title-heading title-heading-left fusion-responsive-typography-calculated\" style=\"margin:0;--fontSize:34;line-height:1.4;\">DEIN FUSSBALLGEBURTSTAG MIT DER FUSSBALLSCHULE RAFFL<\/h1><\/div><div class=\"fusion-text fusion-text-1\"><p>Feiere mit deinen FreundInnen und der FSR &#8211; Fussballschule Raffl deinen ganz pers\u00f6nlichen Fussballgeburtstag!<br \/>\nW\u00e4hrend sich deine Eltern entspannen k\u00f6nnen, sorgt das Team der FSR daf\u00fcr, dass du als Geburtstagskind mit jeder Menge Fun &amp; Action einen unvergesslichen &#8222;FSR-Fussballgeburtstag&#8220; erlebst!<\/p>\n<p><strong>Das &#8222;FSR-Fussballgeburtstag&#8220;-Gesamtpaket zum Preis von 149\u20ac beinhaltet:<\/strong><\/p>\n<ul>\n<li>1,5 Stunden Spiel bzw. Spa\u00df mit Freundinnen und Freunden inkl. anschlie\u00dfendem Geburtstagsessen (Gesamtdauer 2,5 Stunden)<\/li>\n<li>Bis zu 10 Kinder, jedes weitere Kind 10\u20ac<\/li>\n<li>Professionelle Betreuung unter Verwendung des FSR-Equipments (Mini-Arena, Torwand,&#8230;) durch einen ausgebildeten FSR-Trainer\/Betreuer<\/li>\n<li>Ein eingedeckter Geburtstagstisch im Fussball Design<\/li>\n<li>Ausreichend Pizzen (Margaritha, Salami oder Schinken) und Getr\u00e4nke<\/li>\n<li>Torte kann selbst mitgebracht werden, Sie wissen was Ihrem Kind am Besten schmeckt<\/li>\n<li>Geburtstagsgeschenk f\u00fcr das Geburtstagskind<\/li>\n<li>Location: Sportzentrum ASK\u00d6 Murfeld, Auwaldgasse 36 in 8041 Graz<\/li>\n<\/ul>\n<\/div><div class=\"fusion-text fusion-text-2\"><p style=\"text-align: center;\">Weitere Infos unter <strong><a href=\"mailto:office@fussballschule-raffl.at\">office@fussballschule-raffl.at<\/a><\/strong><\/p>\n<\/div><div class=\"fusion-clearfix\"><\/div><\/div><\/div><\/div><\/div><div class=\"fusion-fullwidth fullwidth-box fusion-builder-row-2 fusion-parallax-fixed nonhundred-percent-fullwidth non-hundred-percent-height-scrolling\" style=\"--awb-border-radius-top-left:0px;--awb-border-radius-top-right:0px;--awb-border-radius-bottom-right:0px;--awb-border-radius-bottom-left:0px;--awb-padding-top:40px;--awb-padding-bottom:40px;--awb-background-image:url(&quot;https:\/\/www.fussballschule-raffl.at\/home\/wp-content\/uploads\/2017\/06\/fussballgeburtstag_BG.jpg&quot;);--awb-background-size:cover;--awb-flex-wrap:wrap;background-attachment:fixed;\" ><div class=\"fusion-builder-row fusion-row\"><div class=\"fusion-layout-column fusion_builder_column fusion-builder-column-1 fusion_builder_column_1_1 1_1 fusion-one-full fusion-column-first fusion-column-last\" style=\"--awb-bg-size:cover;\"><div class=\"fusion-column-wrapper fusion-flex-column-wrapper-legacy\"><div class=\"fusion-text fusion-text-3\"><p>[vfb id=&#8217;3&#8242;]<\/p>\n<\/div><div class=\"fusion-clearfix\"><\/div><\/div><\/div><\/div><\/div><\/p>\n","protected":false},"excerpt":{"rendered":"","protected":false},"author":1,"featured_media":0,"parent":0,"menu_order":0,"comment_status":"closed","ping_status":"closed","template":"100-width.php","meta":{"footnotes":""},"class_list":["post-639","page","type-page","status-publish","hentry"],"_links":{"self":[{"href":"https:\/\/www.fussballschule-raffl.at\/home\/wp-json\/wp\/v2\/pages\/639","targetHints":{"allow":["GET"]}}],"collection":[{"href":"https:\/\/www.fussballschule-raffl.at\/home\/wp-json\/wp\/v2\/pages"}],"about":[{"href":"https:\/\/www.fussballschule-raffl.at\/home\/wp-json\/wp\/v2\/types\/page"}],"author":[{"embeddable":true,"href":"https:\/\/www.fussballschule-raffl.at\/home\/wp-json\/wp\/v2\/users\/1"}],"replies":[{"embeddable":true,"href":"https:\/\/www.fussballschule-raffl.at\/home\/wp-json\/wp\/v2\/comments?post=639"}],"version-history":[{"count":8,"href":"https:\/\/www.fussballschule-raffl.at\/home\/wp-json\/wp\/v2\/pages\/639\/revisions"}],"predecessor-version":[{"id":1455,"href":"https:\/\/www.fussballschule-raffl.at\/home\/wp-json\/wp\/v2\/pages\/639\/revisions\/1455"}],"wp:attachment":[{"href":"https:\/\/www.fussballschule-raffl.at\/home\/wp-json\/wp\/v2\/media?parent=639"}],"curies":[{"name":"wp","href":"https:\/\/api.w.org\/{rel}","templated":true}]}}