{"id":2096,"date":"2019-02-17T07:06:30","date_gmt":"2019-02-17T06:06:30","guid":{"rendered":"https:\/\/www.fussballschule-raffl.at\/home\/?page_id=2096"},"modified":"2020-06-07T18:08:58","modified_gmt":"2020-06-07T16:08:58","slug":"graz-ost","status":"publish","type":"page","link":"https:\/\/www.fussballschule-raffl.at\/home\/graz-ost\/","title":{"rendered":"GRAZ-OST"},"content":{"rendered":"<p><div class=\"fusion-fullwidth fullwidth-box fusion-builder-row-1 nonhundred-percent-fullwidth hundred-percent-height non-hundred-percent-height-scrolling\" style=\"--awb-border-radius-top-left:0px;--awb-border-radius-top-right:0px;--awb-border-radius-bottom-right:0px;--awb-border-radius-bottom-left:0px;--awb-padding-top:10px;--awb-flex-wrap:wrap;\" ><div class=\"fusion-builder-row fusion-row\"><div class=\"fusion-layout-column fusion_builder_column fusion-builder-column-0 fusion_builder_column_1_1 1_1 fusion-one-full fusion-column-first fusion-column-last\" style=\"--awb-bg-size:cover;\"><div class=\"fusion-column-wrapper fusion-flex-column-wrapper-legacy\"><div class=\"fusion-title title fusion-title-1 fusion-no-small-visibility fusion-no-medium-visibility fusion-sep-none fusion-title-text fusion-title-size-one\" style=\"--awb-margin-top-small:10px;--awb-margin-right-small:0px;--awb-margin-bottom-small:10px;--awb-margin-left-small:0px;\"><h1 class=\"fusion-title-heading title-heading-left fusion-responsive-typography-calculated\" style=\"margin:0;--fontSize:34;line-height:1.4;\"><p style=\"text-align: center;\"><span style=\"font-size: 36pt;\">FSR-ST\u00dcTZPUNKT GRAZ-OST<\/span><\/p><\/h1><\/div><div class=\"fusion-title title fusion-title-2 fusion-no-large-visibility fusion-sep-none fusion-title-text fusion-title-size-one\" style=\"--awb-margin-top-small:10px;--awb-margin-right-small:0px;--awb-margin-bottom-small:10px;--awb-margin-left-small:0px;\"><h1 class=\"fusion-title-heading title-heading-left fusion-responsive-typography-calculated\" style=\"margin:0;--fontSize:34;line-height:1.4;\"><p style=\"text-align: left;\"><span style=\"font-size: 24pt;\">FSR-ST\u00dcTZPUNKT GRAZ-OST<\/span><\/p><\/h1><\/div><div class=\"fusion-text fusion-text-1\"><p>In Kooperation mit dem FC Gleisdorf k\u00f6nnen talentierte Spielerinnen und Spieler die M\u00f6glichkeit nutzen, sich bei w\u00f6chentlichen,vereinerg\u00e4nzenden und vereinsunabh\u00e4ngigen FSR-St\u00fctzpunkttrainings individuell zu verbessern. Geleitet werden alle Trainings von ausgebildeten FSR-Trainern unter der Obhut von FSR-C.E.O. Thomas Raffl.<\/p>\n<p>Das St\u00fctzpunkttraining findet in\u00a0altersgerechten Gruppen statt.<\/p>\n<\/div><div class=\"fusion-clearfix\"><\/div><\/div><\/div><div class=\"fusion-layout-column fusion_builder_column fusion-builder-column-1 fusion_builder_column_1_2 1_2 fusion-one-half fusion-column-first\" style=\"--awb-bg-size:cover;width:50%;width:calc(50% - ( ( 4% ) * 0.5 ) );margin-right: 4%;\"><div class=\"fusion-column-wrapper fusion-column-has-shadow fusion-flex-column-wrapper-legacy\"><div class=\"fusion-text fusion-text-2\"><p><span style=\"text-decoration: underline;\"><em><span style=\"font-size: 12pt;\">Inhalte der Trainings sind:<\/span><\/em><\/span><\/p>\n<ul>\n<li>L\u00f6sen von offensiven und defensiven 1:1 Situationen<\/li>\n<li>Herausholen und l\u00f6sen von \u00dcberzahlsituationen<\/li>\n<li>Entwicklung der Spielintelligenz<\/li>\n<li>Spezielles Technik- und Fintentraining<\/li>\n<li>Verbesserung von Koordination, Motorik und Schnelligkeit<\/li>\n<li>und vieles mehr\u2026<\/li>\n<\/ul>\n<p><span style=\"text-decoration: underline;\"><em><span style=\"font-size: 12pt;\">Trainingszeiten:<\/span><\/em><\/span><\/p>\n<ul>\n<li>aktuell kein Training<\/li>\n<\/ul>\n<p><span style=\"text-decoration: underline;\"><em>Preise:<\/em><\/span><\/p>\n<ul>\n<li><strong>5er Block &#8211; \u20ac 75,- (Geschwisterrabatt: pro 5er Block &#8211; \u20ac 60,-)<\/strong><br \/>\n5 Trainingseinheiten \u00e1 75 Minuten<\/li>\n<\/ul>\n<\/div><div class=\"fusion-clearfix\"><\/div><\/div><\/div><div class=\"fusion-layout-column fusion_builder_column fusion-builder-column-2 fusion_builder_column_1_2 1_2 fusion-one-half fusion-column-last\" style=\"--awb-bg-size:cover;width:50%;width:calc(50% - ( ( 4% ) * 0.5 ) );\"><div class=\"fusion-column-wrapper fusion-column-has-shadow fusion-flex-column-wrapper-legacy\"><div class=\"fusion-text fusion-text-3\"><p><span style=\"text-decoration: underline;\"><em><span style=\"font-size: 12pt;\">Kontakt:<\/span><\/em><\/span><\/p>\n<\/div><div class=\"fusion-title title fusion-title-3 fusion-sep-none fusion-title-text fusion-title-size-one\" style=\"--awb-margin-bottom:10px;--awb-margin-top-small:10px;--awb-margin-right-small:0px;--awb-margin-bottom-small:10px;--awb-margin-left-small:0px;--awb-sep-color:#3f3f3d;\"><h1 class=\"fusion-title-heading title-heading-left fusion-responsive-typography-calculated\" style=\"margin:0;--fontSize:34;line-height:1.4;\">ANDRE HOLZERBAUER<\/h1><\/div><div class=\"fusion-text fusion-text-4\"><p><b>FSR-ST\u00dcTZPUNKTKOORDINATOR<br \/>\n<\/b><\/p>\n<\/div><ul style=\"--awb-line-height:23.8px;--awb-icon-width:23.8px;--awb-icon-height:23.8px;--awb-icon-margin:9.8px;--awb-content-margin:33.6px;--awb-circlecolor:#000000;--awb-circle-yes-font-size:12.32px;\" class=\"fusion-checklist fusion-checklist-1 fusion-checklist-default type-icons\"><li class=\"fusion-li-item\" style=\"\"><span class=\"icon-wrapper circle-yes\"><i class=\"fusion-li-icon fa-phone-square fas\" aria-hidden=\"true\"><\/i><\/span><div class=\"fusion-li-item-content\">\n<p>+43 676 6727170<\/p>\n<\/div><\/li><li class=\"fusion-li-item\" style=\"\"><span class=\"icon-wrapper circle-yes\"><i class=\"fusion-li-icon fa-envelope-square fas\" aria-hidden=\"true\"><\/i><\/span><div class=\"fusion-li-item-content\">\n<p>andre.holzerbauer@hotmail.com<\/p>\n<\/div><\/li><\/ul><div class=\"fusion-clearfix\"><\/div><\/div><\/div><div class=\"fusion-layout-column fusion_builder_column fusion-builder-column-3 fusion_builder_column_1_1 1_1 fusion-one-full fusion-column-first fusion-column-last\" style=\"--awb-bg-size:cover;\"><div class=\"fusion-column-wrapper fusion-column-has-shadow fusion-flex-column-wrapper-legacy\"><div class=\"fusion-aligncenter\"><a class=\"fusion-button button-flat button-xlarge button-custom fusion-button-default button-1 fusion-button-default-span fusion-button-default-type\" style=\"--button_accent_color:#ffed00;--button_accent_hover_color:#ffed00;--button_border_hover_color:#ffed00;--button-border-radius-top-left:2px;--button-border-radius-top-right:2px;--button-border-radius-bottom-right:2px;--button-border-radius-bottom-left:2px;--button_gradient_top_color:#000000;--button_gradient_bottom_color:#000000;--button_gradient_top_color_hover:#000000;--button_gradient_bottom_color_hover:#000000;\" target=\"_self\" href=\" https:\/\/www.fussballschule-raffl.at\/home\/anmeldung-stuetzpunkttraining\/ \"><span class=\"fusion-button-text awb-button__text awb-button__text--default\">+KOMM ZUM KOSTENLOSEN UND UNVERBINDLICHEN PROBETRAINING+<\/span><\/a><\/div><div class=\"fusion-clearfix\"><\/div><\/div><\/div><\/div><\/div><div class=\"fusion-fullwidth fullwidth-box fusion-builder-row-2 nonhundred-percent-fullwidth non-hundred-percent-height-scrolling fusion-equal-height-columns\" style=\"--awb-border-radius-top-left:0px;--awb-border-radius-top-right:0px;--awb-border-radius-bottom-right:0px;--awb-border-radius-bottom-left:0px;--awb-padding-bottom:50px;--awb-flex-wrap:wrap;\" ><div class=\"fusion-builder-row fusion-row\"><div class=\"fusion-layout-column fusion_builder_column fusion-builder-column-4 fusion_builder_column_1_2 1_2 fusion-one-half fusion-column-first\" style=\"--awb-padding-top:15px;--awb-padding-right:15px;--awb-padding-bottom:15px;--awb-padding-left:15px;--awb-bg-color:#000000;--awb-bg-color-hover:#000000;--awb-bg-size:cover;--awb-margin-bottom:0px;width:50%;width:calc(50% - ( ( 0% ) * 0.5 ) );margin-right: 0%;\"><div class=\"fusion-column-wrapper fusion-flex-column-wrapper-legacy\"><div class=\"fusion-title title fusion-title-4 fusion-sep-none fusion-title-center fusion-title-text fusion-title-size-one .yellowfonth1\" style=\"--awb-margin-top:110px;--awb-margin-bottom:10px;--awb-margin-top-small:10px;--awb-margin-right-small:0px;--awb-margin-bottom-small:10px;--awb-margin-left-small:0px;--awb-sep-color:#1d1d1e;\"><h1 class=\"fusion-title-heading title-heading-center fusion-responsive-typography-calculated\" style=\"margin:0;--fontSize:34;line-height:1.4;\"><p style=\"text-align: center; color: #ffed00;\">ST\u00dcTZPUNKT GRAZ-OST<\/p><\/h1><\/div><div class=\"fusion-text fusion-text-5\"><p style=\"text-align: center; color: #ffed00;\">Stadion Gleisdorf<br \/>\nStadionstra\u00dfe 1, 8200 Gleisdorf<\/p>\n<\/div><div class=\"fusion-clearfix\"><\/div><\/div><\/div><div class=\"fusion-layout-column fusion_builder_column fusion-builder-column-5 fusion_builder_column_1_2 1_2 fusion-one-half fusion-column-last\" style=\"--awb-bg-size:cover;width:50%;width:calc(50% - ( ( 0% ) * 0.5 ) );\"><div class=\"fusion-column-wrapper fusion-flex-column-wrapper-legacy\"><div class=\"fusion-privacy-placeholder\" style=\"width:100%; height:350px;\" data-privacy-type=\"gmaps\"><div class=\"fusion-privacy-placeholder-content\"><div class=\"fusion-privacy-label\">Aus datenschutzrechtlichen Gr\u00fcnden ben\u00f6tigt Google Maps Ihre Einwilligung um geladen zu werden. Mehr Informationen finden Sie unter <a class=\"privacy-policy-link\" href=\"https:\/\/www.fussballschule-raffl.at\/home\/datenschutz\/\" rel=\"privacy-policy\">Datenschutz<\/a>.<\/div><button data-privacy-type=\"gmaps\" class=\"fusion-button button-default fusion-button-default-size button fusion-privacy-consent\">Akzeptieren<\/button><\/div><\/div>\t\t\t\t\t<noscript class=\"fusion-hidden\" data-privacy-script=\"true\" data-privacy-type=\"gmaps\" type=\"text\/javascript\">\n\t\t\t\t\t\tvar map_fusion_map_69d4ebc76c2ca;\n\t\t\t\t\t\tvar markers = [];\n\t\t\t\t\t\tvar counter = 0;\n\t\t\t\t\t\t\t\t\t\t\t\t\t\t\t\t\t\t\t\tvar fusionMapNonce = 'f34290ceae';\n\t\t\t\t\t\t\t\t\t\t\t\tfunction fusion_run_map_fusion_map_69d4ebc76c2ca() {\n\t\t\t\t\t\t\tjQuery ('#fusion_map_69d4ebc76c2ca' ).fusion_maps( {\n\t\t\t\t\t\t\t\taddresses: [{\"address\":\"Stadionstra\\u00dfe 1, 8200 Gleisdorf\",\"infobox_content\":\"Stadionstra\\u00dfe 1, 8200 Gleisdorf\",\"coordinates\":false,\"cache\":true,\"latitude\":\"47.0975858\",\"longitude\":\"15.704277000000047\"}],\n\t\t\t\t\t\t\t\tanimations: true,\n\t\t\t\t\t\t\t\tinfobox_background_color: '',\n\t\t\t\t\t\t\t\tinfobox_styling: 'default',\n\t\t\t\t\t\t\t\tinfobox_text_color: '',\n\t\t\t\t\t\t\t\tmap_style: 'default',\n\t\t\t\t\t\t\t\tmap_type: 'roadmap',\n\t\t\t\t\t\t\t\tmarker_icon: '',\n\t\t\t\t\t\t\t\toverlay_color: '',\n\t\t\t\t\t\t\t\toverlay_color_hsl: {\"hue\":0,\"sat\":0,\"lum\":100},\n\t\t\t\t\t\t\t\tshow_address: false,\n\t\t\t\t\t\t\t\tscale_control: true,\n\t\t\t\t\t\t\t\tscrollwheel: false,\n\t\t\t\t\t\t\t\tzoom: 12,\n\t\t\t\t\t\t\t\tzoom_control: true,\n\t\t\t\t\t\t\t} );\n\t\t\t\t\t\t}\n\n\t\t\t\t\t\tgoogle.maps.event.addDomListener(window, 'load', fusion_run_map_fusion_map_69d4ebc76c2ca);\n\t\t\t\t\t<\/noscript>\n\t\t\t\t\t<div class=\"shortcode-map fusion-google-map fusion-maps-js-type fusion-hidden\" style=\"--awb-height:350px;\" id=\"fusion_map_69d4ebc76c2ca\"><\/div><div class=\"fusion-clearfix\"><\/div><\/div><\/div><\/div><\/div><\/p>\n","protected":false},"excerpt":{"rendered":"","protected":false},"author":1,"featured_media":0,"parent":0,"menu_order":0,"comment_status":"closed","ping_status":"closed","template":"","meta":{"footnotes":""},"class_list":["post-2096","page","type-page","status-publish","hentry"],"_links":{"self":[{"href":"https:\/\/www.fussballschule-raffl.at\/home\/wp-json\/wp\/v2\/pages\/2096","targetHints":{"allow":["GET"]}}],"collection":[{"href":"https:\/\/www.fussballschule-raffl.at\/home\/wp-json\/wp\/v2\/pages"}],"about":[{"href":"https:\/\/www.fussballschule-raffl.at\/home\/wp-json\/wp\/v2\/types\/page"}],"author":[{"embeddable":true,"href":"https:\/\/www.fussballschule-raffl.at\/home\/wp-json\/wp\/v2\/users\/1"}],"replies":[{"embeddable":true,"href":"https:\/\/www.fussballschule-raffl.at\/home\/wp-json\/wp\/v2\/comments?post=2096"}],"version-history":[{"count":26,"href":"https:\/\/www.fussballschule-raffl.at\/home\/wp-json\/wp\/v2\/pages\/2096\/revisions"}],"predecessor-version":[{"id":2769,"href":"https:\/\/www.fussballschule-raffl.at\/home\/wp-json\/wp\/v2\/pages\/2096\/revisions\/2769"}],"wp:attachment":[{"href":"https:\/\/www.fussballschule-raffl.at\/home\/wp-json\/wp\/v2\/media?parent=2096"}],"curies":[{"name":"wp","href":"https:\/\/api.w.org\/{rel}","templated":true}]}}